{"id":826,"date":"2024-08-06T13:05:21","date_gmt":"2024-08-06T13:05:21","guid":{"rendered":"https:\/\/aoservicodaamamentacao.pt\/asa\/?page_id=826"},"modified":"2025-10-25T10:40:41","modified_gmt":"2025-10-25T10:40:41","slug":"direitos-de-autor","status":"publish","type":"page","link":"https:\/\/aoservicodaamamentacao.pt\/asa\/direitos-de-autor\/","title":{"rendered":"Direitos de Autor"},"content":{"rendered":"\n<figure class=\"wp-block-image alignfull size-large wp-duotone-unset-1\"><img decoding=\"async\" src=\"https:\/\/aoservicodaamamentacao.pt\/asa\/wp-content\/uploads\/2024\/06\/asa-amap_barra.jpg\" alt=\"\" class=\"wp-image-308\"\/><\/figure>\n\n\n\n<div style=\"height:20px\" aria-hidden=\"true\" class=\"wp-block-spacer\"><\/div>\n\n\n\n<h2 class=\"wp-block-heading has-text-align-center\"><strong>Direitos de Autor<\/strong><\/h2>\n\n\n\n<h3 class=\"wp-block-heading\"><strong>Utiliza\u00e7\u00e3o comercial<\/strong><\/h3>\n\n\n\n<p>Todos os materiais deste site s\u00e3o, salvo indica\u00e7\u00e3o em contr\u00e1rio, propriedade \u00a9 2022-2024 da Associa\u00e7\u00e3o Movimento Amamentar em Portugal, inscrita no Minist\u00e9rio da Justi\u00e7a, com natureza jur\u00eddica de direito privado sob o NIPC PT507466012 e regulamentada em conformidade com a legisla\u00e7\u00e3o Portuguesa. O cumprimento das restri\u00e7\u00f5es de Direitos de Autor exige que nenhuma parte deste site (escrita, \u00e1udio ou visual) poder\u00e1 ser reproduzida sob qualquer forma sem a permiss\u00e3o por escrito da Associa\u00e7\u00e3o Movimento Amamentar em Portugal, Rua Jo\u00e3o Dias 4, 4.\u00baC, 1400-220 Lisboa, Portugal.<\/p>\n\n\n\n<h3 class=\"wp-block-heading\"><strong>Utiliza\u00e7\u00e3o pessoa<\/strong>l<\/h3>\n\n\n\n<p>No entanto, a limita\u00e7\u00e3o de reprodu\u00e7\u00e3o n\u00e3o pro\u00edbe uso pessoal. Pode visualizar e imprimir partes deste site para uso pessoal. Lembre-se, por favor, que o \u201cuso pessoal\u201d n\u00e3o inclui grandes grupos de pessoas ou a venda dos nossos materiais.<\/p>\n\n\n\n<p>Consulte aqui a nossa <strong><a href=\"https:\/\/aoservicodaamamentacao.pt\/asa\/privacidade\/\">Pol\u00edtica de Privacidade<\/a><\/strong>. Se tem alguma d\u00favida sobre as pol\u00edticas de Privacidade e Direitos de Autor (copyright) deste site, por favor <strong><a href=\"https:\/\/aoservicodaamamentacao.pt\/asa\/contactos\/\">contacte-nos<\/a><\/strong>.<\/p>\n\n\n\n<h3 class=\"wp-block-heading\">\u00a0Cr\u00e9ditos<\/h3>\n\n\n\n<p><a href=\"https:\/\/amathez.com\" target=\"_blank\" rel=\"noreferrer noopener\">Amathez \u2013 Creative Studio<\/a><\/p>\n\n\n\n<div style=\"height:100px\" aria-hidden=\"true\" class=\"wp-block-spacer\"><\/div>\n","protected":false},"excerpt":{"rendered":"<p>Direitos de Autor Utiliza\u00e7\u00e3o comercial Todos os materiais deste site s\u00e3o, salvo indica\u00e7\u00e3o em contr\u00e1rio, propriedade \u00a9 2022-2024 da Associa\u00e7\u00e3o Movimento Amamentar em Portugal, inscrita no Minist\u00e9rio da Justi\u00e7a, com natureza jur\u00eddica de direito privado sob o NIPC PT507466012 e regulamentada em conformidade com a legisla\u00e7\u00e3o Portuguesa. O cumprimento das restri\u00e7\u00f5es de Direitos de Autor&hellip;&nbsp;<a href=\"https:\/\/aoservicodaamamentacao.pt\/asa\/direitos-de-autor\/\" rel=\"bookmark\">Ler mais &raquo;<span class=\"screen-reader-text\">Direitos de Autor<\/span><\/a><\/p>\n","protected":false},"author":1,"featured_media":0,"parent":0,"menu_order":0,"comment_status":"closed","ping_status":"closed","template":"","meta":{"_uag_custom_page_level_css":"","neve_meta_sidebar":"","neve_meta_container":"contained","neve_meta_enable_content_width":"","neve_meta_content_width":0,"neve_meta_title_alignment":"center","neve_meta_author_avatar":"","neve_post_elements_order":"","neve_meta_disable_header":"off","neve_meta_disable_footer":"","neve_meta_disable_title":"on","_themeisle_gutenberg_block_has_review":false,"_vp_format_video_url":"","_vp_image_focal_point":[],"footnotes":""},"class_list":["post-826","page","type-page","status-publish","hentry"],"yoast_head":"<!-- This site is optimized with the Yoast SEO plugin v27.4 - https:\/\/yoast.com\/product\/yoast-seo-wordpress\/ -->\n<title>Direitos de Autor - ASA<\/title>\n<meta name=\"robots\" content=\"index, follow, max-snippet:-1, max-image-preview:large, max-video-preview:-1\" \/>\n<link rel=\"canonical\" href=\"https:\/\/aoservicodaamamentacao.pt\/asa\/direitos-de-autor\/\" \/>\n<meta property=\"og:locale\" content=\"pt_PT\" \/>\n<meta property=\"og:type\" content=\"article\" \/>\n<meta property=\"og:title\" content=\"Direitos de Autor - ASA\" \/>\n<meta property=\"og:description\" content=\"Direitos de Autor Utiliza\u00e7\u00e3o comercial Todos os materiais deste site s\u00e3o, salvo indica\u00e7\u00e3o em contr\u00e1rio, propriedade \u00a9 2022-2024 da Associa\u00e7\u00e3o Movimento Amamentar em Portugal, inscrita no Minist\u00e9rio da Justi\u00e7a, com natureza jur\u00eddica de direito privado sob o NIPC PT507466012 e regulamentada em conformidade com a legisla\u00e7\u00e3o Portuguesa. O cumprimento das restri\u00e7\u00f5es de Direitos de Autor&hellip;&nbsp;Ler mais &raquo;Direitos de Autor\" \/>\n<meta property=\"og:url\" content=\"https:\/\/aoservicodaamamentacao.pt\/asa\/direitos-de-autor\/\" \/>\n<meta property=\"og:site_name\" content=\"ASA\" \/>\n<meta property=\"article:modified_time\" content=\"2025-10-25T10:40:41+00:00\" \/>\n<meta name=\"twitter:card\" content=\"summary_large_image\" \/>\n<meta name=\"twitter:label1\" content=\"Tempo estimado de leitura\" \/>\n\t<meta name=\"twitter:data1\" content=\"2 minutos\" \/>\n<script type=\"application\/ld+json\" class=\"yoast-schema-graph\">{\"@context\":\"https:\\\/\\\/schema.org\",\"@graph\":[{\"@type\":\"WebPage\",\"@id\":\"https:\\\/\\\/aoservicodaamamentacao.pt\\\/asa\\\/direitos-de-autor\\\/\",\"url\":\"https:\\\/\\\/aoservicodaamamentacao.pt\\\/asa\\\/direitos-de-autor\\\/\",\"name\":\"Direitos de Autor - ASA\",\"isPartOf\":{\"@id\":\"https:\\\/\\\/aoservicodaamamentacao.pt\\\/asa\\\/#website\"},\"primaryImageOfPage\":{\"@id\":\"https:\\\/\\\/aoservicodaamamentacao.pt\\\/asa\\\/direitos-de-autor\\\/#primaryimage\"},\"image\":{\"@id\":\"https:\\\/\\\/aoservicodaamamentacao.pt\\\/asa\\\/direitos-de-autor\\\/#primaryimage\"},\"thumbnailUrl\":\"https:\\\/\\\/aoservicodaamamentacao.pt\\\/asa\\\/wp-content\\\/uploads\\\/2024\\\/06\\\/asa-amap_barra.jpg\",\"datePublished\":\"2024-08-06T13:05:21+00:00\",\"dateModified\":\"2025-10-25T10:40:41+00:00\",\"breadcrumb\":{\"@id\":\"https:\\\/\\\/aoservicodaamamentacao.pt\\\/asa\\\/direitos-de-autor\\\/#breadcrumb\"},\"inLanguage\":\"pt-PT\",\"potentialAction\":[{\"@type\":\"ReadAction\",\"target\":[\"https:\\\/\\\/aoservicodaamamentacao.pt\\\/asa\\\/direitos-de-autor\\\/\"]}]},{\"@type\":\"ImageObject\",\"inLanguage\":\"pt-PT\",\"@id\":\"https:\\\/\\\/aoservicodaamamentacao.pt\\\/asa\\\/direitos-de-autor\\\/#primaryimage\",\"url\":\"\",\"contentUrl\":\"\"},{\"@type\":\"BreadcrumbList\",\"@id\":\"https:\\\/\\\/aoservicodaamamentacao.pt\\\/asa\\\/direitos-de-autor\\\/#breadcrumb\",\"itemListElement\":[{\"@type\":\"ListItem\",\"position\":1,\"name\":\"In\u00edcio\",\"item\":\"https:\\\/\\\/aoservicodaamamentacao.pt\\\/asa\\\/\"},{\"@type\":\"ListItem\",\"position\":2,\"name\":\"Direitos de Autor\"}]},{\"@type\":\"WebSite\",\"@id\":\"https:\\\/\\\/aoservicodaamamentacao.pt\\\/asa\\\/#website\",\"url\":\"https:\\\/\\\/aoservicodaamamentacao.pt\\\/asa\\\/\",\"name\":\"ASA\",\"description\":\"Associa\u00e7\u00e3o Movimento Amamentar em Portugal\",\"publisher\":{\"@id\":\"https:\\\/\\\/aoservicodaamamentacao.pt\\\/asa\\\/#organization\"},\"potentialAction\":[{\"@type\":\"SearchAction\",\"target\":{\"@type\":\"EntryPoint\",\"urlTemplate\":\"https:\\\/\\\/aoservicodaamamentacao.pt\\\/asa\\\/?s={search_term_string}\"},\"query-input\":{\"@type\":\"PropertyValueSpecification\",\"valueRequired\":true,\"valueName\":\"search_term_string\"}}],\"inLanguage\":\"pt-PT\"},{\"@type\":\"Organization\",\"@id\":\"https:\\\/\\\/aoservicodaamamentacao.pt\\\/asa\\\/#organization\",\"name\":\"ASA\",\"url\":\"https:\\\/\\\/aoservicodaamamentacao.pt\\\/asa\\\/\",\"logo\":{\"@type\":\"ImageObject\",\"inLanguage\":\"pt-PT\",\"@id\":\"https:\\\/\\\/aoservicodaamamentacao.pt\\\/asa\\\/#\\\/schema\\\/logo\\\/image\\\/\",\"url\":\"https:\\\/\\\/aoservicodaamamentacao.pt\\\/asa\\\/wp-content\\\/uploads\\\/2024\\\/09\\\/cropped-favicon.png\",\"contentUrl\":\"https:\\\/\\\/aoservicodaamamentacao.pt\\\/asa\\\/wp-content\\\/uploads\\\/2024\\\/09\\\/cropped-favicon.png\",\"width\":512,\"height\":512,\"caption\":\"ASA\"},\"image\":{\"@id\":\"https:\\\/\\\/aoservicodaamamentacao.pt\\\/asa\\\/#\\\/schema\\\/logo\\\/image\\\/\"},\"sameAs\":[\"https:\\\/\\\/www.instagram.com\\\/asa.amamentacao\\\/\"]}]}<\/script>\n<!-- \/ Yoast SEO plugin. -->","yoast_head_json":{"title":"Direitos de Autor - ASA","robots":{"index":"index","follow":"follow","max-snippet":"max-snippet:-1","max-image-preview":"max-image-preview:large","max-video-preview":"max-video-preview:-1"},"canonical":"https:\/\/aoservicodaamamentacao.pt\/asa\/direitos-de-autor\/","og_locale":"pt_PT","og_type":"article","og_title":"Direitos de Autor - ASA","og_description":"Direitos de Autor Utiliza\u00e7\u00e3o comercial Todos os materiais deste site s\u00e3o, salvo indica\u00e7\u00e3o em contr\u00e1rio, propriedade \u00a9 2022-2024 da Associa\u00e7\u00e3o Movimento Amamentar em Portugal, inscrita no Minist\u00e9rio da Justi\u00e7a, com natureza jur\u00eddica de direito privado sob o NIPC PT507466012 e regulamentada em conformidade com a legisla\u00e7\u00e3o Portuguesa. O cumprimento das restri\u00e7\u00f5es de Direitos de Autor&hellip;&nbsp;Ler mais &raquo;Direitos de Autor","og_url":"https:\/\/aoservicodaamamentacao.pt\/asa\/direitos-de-autor\/","og_site_name":"ASA","article_modified_time":"2025-10-25T10:40:41+00:00","twitter_card":"summary_large_image","twitter_misc":{"Tempo estimado de leitura":"2 minutos"},"schema":{"@context":"https:\/\/schema.org","@graph":[{"@type":"WebPage","@id":"https:\/\/aoservicodaamamentacao.pt\/asa\/direitos-de-autor\/","url":"https:\/\/aoservicodaamamentacao.pt\/asa\/direitos-de-autor\/","name":"Direitos de Autor - ASA","isPartOf":{"@id":"https:\/\/aoservicodaamamentacao.pt\/asa\/#website"},"primaryImageOfPage":{"@id":"https:\/\/aoservicodaamamentacao.pt\/asa\/direitos-de-autor\/#primaryimage"},"image":{"@id":"https:\/\/aoservicodaamamentacao.pt\/asa\/direitos-de-autor\/#primaryimage"},"thumbnailUrl":"https:\/\/aoservicodaamamentacao.pt\/asa\/wp-content\/uploads\/2024\/06\/asa-amap_barra.jpg","datePublished":"2024-08-06T13:05:21+00:00","dateModified":"2025-10-25T10:40:41+00:00","breadcrumb":{"@id":"https:\/\/aoservicodaamamentacao.pt\/asa\/direitos-de-autor\/#breadcrumb"},"inLanguage":"pt-PT","potentialAction":[{"@type":"ReadAction","target":["https:\/\/aoservicodaamamentacao.pt\/asa\/direitos-de-autor\/"]}]},{"@type":"ImageObject","inLanguage":"pt-PT","@id":"https:\/\/aoservicodaamamentacao.pt\/asa\/direitos-de-autor\/#primaryimage","url":"","contentUrl":""},{"@type":"BreadcrumbList","@id":"https:\/\/aoservicodaamamentacao.pt\/asa\/direitos-de-autor\/#breadcrumb","itemListElement":[{"@type":"ListItem","position":1,"name":"In\u00edcio","item":"https:\/\/aoservicodaamamentacao.pt\/asa\/"},{"@type":"ListItem","position":2,"name":"Direitos de Autor"}]},{"@type":"WebSite","@id":"https:\/\/aoservicodaamamentacao.pt\/asa\/#website","url":"https:\/\/aoservicodaamamentacao.pt\/asa\/","name":"ASA","description":"Associa\u00e7\u00e3o Movimento Amamentar em Portugal","publisher":{"@id":"https:\/\/aoservicodaamamentacao.pt\/asa\/#organization"},"potentialAction":[{"@type":"SearchAction","target":{"@type":"EntryPoint","urlTemplate":"https:\/\/aoservicodaamamentacao.pt\/asa\/?s={search_term_string}"},"query-input":{"@type":"PropertyValueSpecification","valueRequired":true,"valueName":"search_term_string"}}],"inLanguage":"pt-PT"},{"@type":"Organization","@id":"https:\/\/aoservicodaamamentacao.pt\/asa\/#organization","name":"ASA","url":"https:\/\/aoservicodaamamentacao.pt\/asa\/","logo":{"@type":"ImageObject","inLanguage":"pt-PT","@id":"https:\/\/aoservicodaamamentacao.pt\/asa\/#\/schema\/logo\/image\/","url":"https:\/\/aoservicodaamamentacao.pt\/asa\/wp-content\/uploads\/2024\/09\/cropped-favicon.png","contentUrl":"https:\/\/aoservicodaamamentacao.pt\/asa\/wp-content\/uploads\/2024\/09\/cropped-favicon.png","width":512,"height":512,"caption":"ASA"},"image":{"@id":"https:\/\/aoservicodaamamentacao.pt\/asa\/#\/schema\/logo\/image\/"},"sameAs":["https:\/\/www.instagram.com\/asa.amamentacao\/"]}]}},"uagb_featured_image_src":{"full":false,"thumbnail":false,"medium":false,"medium_large":false,"large":false,"1536x1536":false,"2048x2048":false,"vp_sm":false,"vp_md":false,"vp_lg":false,"vp_xl":false,"vp_sm_popup":false,"vp_md_popup":false,"vp_xl_popup":false,"neve-blog":false},"uagb_author_info":{"display_name":"anamneseasa","author_link":"https:\/\/aoservicodaamamentacao.pt\/asa\/author\/anamneseasa\/"},"uagb_comment_info":0,"uagb_excerpt":"Direitos de Autor Utiliza\u00e7\u00e3o comercial Todos os materiais deste site s\u00e3o, salvo indica\u00e7\u00e3o em contr\u00e1rio, propriedade \u00a9 2022-2024 da Associa\u00e7\u00e3o Movimento Amamentar em Portugal, inscrita no Minist\u00e9rio da Justi\u00e7a, com natureza jur\u00eddica de direito privado sob o NIPC PT507466012 e regulamentada em conformidade com a legisla\u00e7\u00e3o Portuguesa. O cumprimento das restri\u00e7\u00f5es de Direitos de Autor&hellip;&nbsp;Ler&hellip;","_links":{"self":[{"href":"https:\/\/aoservicodaamamentacao.pt\/asa\/wp-json\/wp\/v2\/pages\/826","targetHints":{"allow":["GET"]}}],"collection":[{"href":"https:\/\/aoservicodaamamentacao.pt\/asa\/wp-json\/wp\/v2\/pages"}],"about":[{"href":"https:\/\/aoservicodaamamentacao.pt\/asa\/wp-json\/wp\/v2\/types\/page"}],"author":[{"embeddable":true,"href":"https:\/\/aoservicodaamamentacao.pt\/asa\/wp-json\/wp\/v2\/users\/1"}],"replies":[{"embeddable":true,"href":"https:\/\/aoservicodaamamentacao.pt\/asa\/wp-json\/wp\/v2\/comments?post=826"}],"version-history":[{"count":15,"href":"https:\/\/aoservicodaamamentacao.pt\/asa\/wp-json\/wp\/v2\/pages\/826\/revisions"}],"predecessor-version":[{"id":3439,"href":"https:\/\/aoservicodaamamentacao.pt\/asa\/wp-json\/wp\/v2\/pages\/826\/revisions\/3439"}],"wp:attachment":[{"href":"https:\/\/aoservicodaamamentacao.pt\/asa\/wp-json\/wp\/v2\/media?parent=826"}],"curies":[{"name":"wp","href":"https:\/\/api.w.org\/{rel}","templated":true}]}}