{"id":8,"date":"2024-05-21T22:50:14","date_gmt":"2024-05-21T22:50:14","guid":{"rendered":"https:\/\/aoservicodaamamentacao.pt\/asa\/?page_id=8"},"modified":"2024-10-21T13:22:28","modified_gmt":"2024-10-21T13:22:28","slug":"fundadora","status":"publish","type":"page","link":"https:\/\/aoservicodaamamentacao.pt\/asa\/fundadora\/","title":{"rendered":"Fundadora"},"content":{"rendered":"\n<div class=\"wp-block-cover alignfull is-light\" style=\"min-height:600px;aspect-ratio:unset;\"><span aria-hidden=\"true\" class=\"wp-block-cover__background has-custom-3-background-color has-background-dim-100 has-background-dim\"><\/span><div class=\"wp-block-cover__inner-container is-layout-flow wp-block-cover-is-layout-flow\">\n<div class=\"wp-block-group\"><div class=\"wp-block-group__inner-container is-layout-flow wp-block-group-is-layout-flow\">\n<div class=\"wp-block-columns are-vertically-aligned-center is-layout-flex wp-container-core-columns-is-layout-9d6595d7 wp-block-columns-is-layout-flex\">\n<div class=\"wp-block-column is-vertically-aligned-center is-layout-flow wp-block-column-is-layout-flow\" style=\"flex-basis:40%\">\n<figure class=\"wp-block-image size-large\"><img loading=\"lazy\" decoding=\"async\" width=\"683\" height=\"1024\" src=\"https:\/\/aoservicodaamamentacao.pt\/asa\/wp-content\/uploads\/2024\/08\/Encontrodemaes-64-683x1024.jpg\" alt=\"\" class=\"wp-image-807\" srcset=\"https:\/\/aoservicodaamamentacao.pt\/asa\/wp-content\/uploads\/2024\/08\/Encontrodemaes-64-683x1024.jpg 683w, https:\/\/aoservicodaamamentacao.pt\/asa\/wp-content\/uploads\/2024\/08\/Encontrodemaes-64-200x300.jpg 200w, https:\/\/aoservicodaamamentacao.pt\/asa\/wp-content\/uploads\/2024\/08\/Encontrodemaes-64-768x1152.jpg 768w, https:\/\/aoservicodaamamentacao.pt\/asa\/wp-content\/uploads\/2024\/08\/Encontrodemaes-64-1024x1536.jpg 1024w, https:\/\/aoservicodaamamentacao.pt\/asa\/wp-content\/uploads\/2024\/08\/Encontrodemaes-64.jpg 1280w\" sizes=\"auto, (max-width: 683px) 100vw, 683px\" \/><\/figure>\n<\/div>\n\n\n\n<div class=\"wp-block-column is-vertically-aligned-center is-layout-flow wp-block-column-is-layout-flow\" style=\"flex-basis:60%\">\n<div style=\"height:40px\" aria-hidden=\"true\" class=\"wp-block-spacer\"><\/div>\n\n\n\n<h2 class=\"wp-block-heading has-text-align-center has-neve-text-color-color has-text-color\">Cristina Pincho<\/h2>\n\n\n\n<p class=\"has-text-align-center has-neve-text-color-color has-text-color has-medium-font-size\"><strong>Fundadora do ASA \u2022 Ao Servi\u00e7o da Amamenta\u00e7\u00e3o<\/strong><\/p>\n\n\n\n<p class=\"has-neve-text-color-color has-text-color\">A <strong>Cristina <\/strong>\u00e9 uma pioneira no apoio \u00e0 amamenta\u00e7\u00e3o em Portugal.<\/p>\n\n\n\n<p class=\"has-neve-text-color-color has-text-color\">Moderadora da <strong>La Leche League Portugal<\/strong>, <strong>Doula <\/strong>e <strong>Educadora perinatal<\/strong>, especializou-se no apoio \u00e0s m\u00e3es e beb\u00e9s com v\u00e1rias forma\u00e7\u00f5es na \u00e1rea.<\/p>\n\n\n\n<p class=\"has-neve-text-color-color has-text-color\">Foi uma das primeiras <strong>Consultoras de Lacta\u00e7\u00e3o Certificadas IBCLC<\/strong> em Portugal e \u00e9, sem d\u00favida, uma inspira\u00e7\u00e3o para todos aqueles que ambicionam estar ao servi\u00e7o da amamenta\u00e7\u00e3o.<\/p>\n\n\n\n<p class=\"has-neve-text-color-color has-text-color\">A fundadora do <strong>ASA, <\/strong>Cristina Pincho, \u00e9 uma l\u00edder <strong>UBUNTU<\/strong>, o que faz com que o <strong>ASA <\/strong>tenha bases assentes na Lideran\u00e7a Servidora, \u00c9tica do Cuidado e Constru\u00e7\u00e3o de Pontes.<\/p>\n\n\n\n<p class=\"has-neve-text-color-color has-text-color\"><em>\u201cUbuntu \u00e9 uma maneira de estar na vida. \u00c9 uma palavra que condensa a verdadeira ess\u00eancia do que \u00e9 ser Humano. A minha humanidade est\u00e1 intrinsecamente ligada \u00e0 tua e, por isso, eu sou humano porque perten\u00e7o, participo e partilho de um sentido de comunidade. Tu e eu somos feitos para a interdepend\u00eancia e para a complementaridade.\u201d <\/em><sub>Desmond Tutu<\/sub><\/p>\n\n\n\n<div class=\"wp-block-columns is-layout-flex wp-container-core-columns-is-layout-9d6595d7 wp-block-columns-is-layout-flex\">\n<div class=\"wp-block-column is-layout-flow wp-block-column-is-layout-flow\">\n<a href=\"https:\/\/www.instagram.com\/cristinapincho\/\" target=\"_blank\" rel=\"noopener\"><img decoding=\"async\" width=\"40\" src=\"https:\/\/aoservicodaamamentacao.pt\/asa\/wp-content\/uploads\/2024\/06\/instagram.png\"><\/a> &nbsp; <a href=\"https:\/\/www.linkedin.com\/in\/cristina-pincho-258a0617\/\" target=\"_blank\" rel=\"noopener\"><img decoding=\"async\" width=\"40\" src=\"https:\/\/aoservicodaamamentacao.pt\/asa\/wp-content\/uploads\/2024\/10\/LkIn_logo_100x100.png\"><\/a> &nbsp; <a href=\"https:\/\/cristinapincho.com\" target=\"_blank\" rel=\"noopener\"><img decoding=\"async\" width=\"40\" src=\"https:\/\/aoservicodaamamentacao.pt\/asa\/wp-content\/uploads\/2024\/10\/wp_100x100_blue.png\"><\/a> <a href=\"https:\/\/academiacristinapincho.pt\" target=\"_blank\" rel=\"noopener\"><img decoding=\"async\" width=\"40\" src=\"https:\/\/aoservicodaamamentacao.pt\/asa\/wp-content\/uploads\/2024\/10\/afcp_100x100_blue.png\"><\/a>\n<\/div>\n\n\n\n<div class=\"wp-block-column is-layout-flow wp-block-column-is-layout-flow\">\n<div class=\"wp-block-buttons is-layout-flex wp-block-buttons-is-layout-flex\">\n<div class=\"wp-block-button is-style-secondary\"><a class=\"wp-block-button__link has-neve-link-color-color has-text-color has-link-color wp-element-button\" href=\"https:\/\/aoservicodaamamentacao.pt\/asa\/equipa\/\">MAIS SOBRE A EQUIPA<\/a><\/div>\n<\/div>\n<\/div>\n<\/div>\n\n\n\n<div style=\"height:80px\" aria-hidden=\"true\" class=\"wp-block-spacer\"><\/div>\n<\/div>\n<\/div>\n\n\n\n<div style=\"height:40px\" aria-hidden=\"true\" class=\"wp-block-spacer\"><\/div>\n<\/div><\/div>\n<\/div><\/div>\n","protected":false},"excerpt":{"rendered":"","protected":false},"author":1,"featured_media":0,"parent":0,"menu_order":0,"comment_status":"closed","ping_status":"closed","template":"","meta":{"_uag_custom_page_level_css":"","neve_meta_sidebar":"","neve_meta_container":"","neve_meta_enable_content_width":"on","neve_meta_content_width":100,"neve_meta_title_alignment":"","neve_meta_author_avatar":"","neve_post_elements_order":"","neve_meta_disable_header":"","neve_meta_disable_footer":"","neve_meta_disable_title":"on","_themeisle_gutenberg_block_has_review":false,"_vp_format_video_url":"","_vp_image_focal_point":[],"footnotes":""},"class_list":["post-8","page","type-page","status-publish","hentry"],"yoast_head":"<!-- This site is optimized with the Yoast SEO plugin v27.5 - https:\/\/yoast.com\/product\/yoast-seo-wordpress\/ -->\n<title>Fundadora - ASA<\/title>\n<meta name=\"robots\" content=\"index, follow, max-snippet:-1, max-image-preview:large, max-video-preview:-1\" \/>\n<link rel=\"canonical\" href=\"https:\/\/aoservicodaamamentacao.pt\/asa\/fundadora\/\" \/>\n<meta property=\"og:locale\" content=\"pt_PT\" \/>\n<meta property=\"og:type\" content=\"article\" \/>\n<meta property=\"og:title\" content=\"Fundadora - ASA\" \/>\n<meta property=\"og:url\" content=\"https:\/\/aoservicodaamamentacao.pt\/asa\/fundadora\/\" \/>\n<meta property=\"og:site_name\" content=\"ASA\" \/>\n<meta property=\"article:modified_time\" content=\"2024-10-21T13:22:28+00:00\" \/>\n<meta property=\"og:image\" content=\"https:\/\/aoservicodaamamentacao.pt\/asa\/wp-content\/uploads\/2024\/08\/Encontrodemaes-64.jpg\" \/>\n\t<meta property=\"og:image:width\" content=\"1280\" \/>\n\t<meta property=\"og:image:height\" content=\"1920\" \/>\n\t<meta property=\"og:image:type\" content=\"image\/jpeg\" \/>\n<meta name=\"twitter:card\" content=\"summary_large_image\" \/>\n<meta name=\"twitter:label1\" content=\"Tempo estimado de leitura\" \/>\n\t<meta name=\"twitter:data1\" content=\"2 minutos\" \/>\n<script type=\"application\/ld+json\" class=\"yoast-schema-graph\">{\"@context\":\"https:\\\/\\\/schema.org\",\"@graph\":[{\"@type\":\"WebPage\",\"@id\":\"https:\\\/\\\/aoservicodaamamentacao.pt\\\/asa\\\/fundadora\\\/\",\"url\":\"https:\\\/\\\/aoservicodaamamentacao.pt\\\/asa\\\/fundadora\\\/\",\"name\":\"Fundadora - ASA\",\"isPartOf\":{\"@id\":\"https:\\\/\\\/aoservicodaamamentacao.pt\\\/asa\\\/#website\"},\"primaryImageOfPage\":{\"@id\":\"https:\\\/\\\/aoservicodaamamentacao.pt\\\/asa\\\/fundadora\\\/#primaryimage\"},\"image\":{\"@id\":\"https:\\\/\\\/aoservicodaamamentacao.pt\\\/asa\\\/fundadora\\\/#primaryimage\"},\"thumbnailUrl\":\"https:\\\/\\\/aoservicodaamamentacao.pt\\\/asa\\\/wp-content\\\/uploads\\\/2024\\\/08\\\/Encontrodemaes-64-683x1024.jpg\",\"datePublished\":\"2024-05-21T22:50:14+00:00\",\"dateModified\":\"2024-10-21T13:22:28+00:00\",\"breadcrumb\":{\"@id\":\"https:\\\/\\\/aoservicodaamamentacao.pt\\\/asa\\\/fundadora\\\/#breadcrumb\"},\"inLanguage\":\"pt-PT\",\"potentialAction\":[{\"@type\":\"ReadAction\",\"target\":[\"https:\\\/\\\/aoservicodaamamentacao.pt\\\/asa\\\/fundadora\\\/\"]}]},{\"@type\":\"ImageObject\",\"inLanguage\":\"pt-PT\",\"@id\":\"https:\\\/\\\/aoservicodaamamentacao.pt\\\/asa\\\/fundadora\\\/#primaryimage\",\"url\":\"https:\\\/\\\/aoservicodaamamentacao.pt\\\/asa\\\/wp-content\\\/uploads\\\/2024\\\/08\\\/Encontrodemaes-64.jpg\",\"contentUrl\":\"https:\\\/\\\/aoservicodaamamentacao.pt\\\/asa\\\/wp-content\\\/uploads\\\/2024\\\/08\\\/Encontrodemaes-64.jpg\",\"width\":1280,\"height\":1920},{\"@type\":\"BreadcrumbList\",\"@id\":\"https:\\\/\\\/aoservicodaamamentacao.pt\\\/asa\\\/fundadora\\\/#breadcrumb\",\"itemListElement\":[{\"@type\":\"ListItem\",\"position\":1,\"name\":\"In\u00edcio\",\"item\":\"https:\\\/\\\/aoservicodaamamentacao.pt\\\/asa\\\/\"},{\"@type\":\"ListItem\",\"position\":2,\"name\":\"Fundadora\"}]},{\"@type\":\"WebSite\",\"@id\":\"https:\\\/\\\/aoservicodaamamentacao.pt\\\/asa\\\/#website\",\"url\":\"https:\\\/\\\/aoservicodaamamentacao.pt\\\/asa\\\/\",\"name\":\"ASA\",\"description\":\"Associa\u00e7\u00e3o Movimento Amamentar em Portugal\",\"publisher\":{\"@id\":\"https:\\\/\\\/aoservicodaamamentacao.pt\\\/asa\\\/#organization\"},\"potentialAction\":[{\"@type\":\"SearchAction\",\"target\":{\"@type\":\"EntryPoint\",\"urlTemplate\":\"https:\\\/\\\/aoservicodaamamentacao.pt\\\/asa\\\/?s={search_term_string}\"},\"query-input\":{\"@type\":\"PropertyValueSpecification\",\"valueRequired\":true,\"valueName\":\"search_term_string\"}}],\"inLanguage\":\"pt-PT\"},{\"@type\":\"Organization\",\"@id\":\"https:\\\/\\\/aoservicodaamamentacao.pt\\\/asa\\\/#organization\",\"name\":\"ASA\",\"url\":\"https:\\\/\\\/aoservicodaamamentacao.pt\\\/asa\\\/\",\"logo\":{\"@type\":\"ImageObject\",\"inLanguage\":\"pt-PT\",\"@id\":\"https:\\\/\\\/aoservicodaamamentacao.pt\\\/asa\\\/#\\\/schema\\\/logo\\\/image\\\/\",\"url\":\"https:\\\/\\\/aoservicodaamamentacao.pt\\\/asa\\\/wp-content\\\/uploads\\\/2024\\\/09\\\/cropped-favicon.png\",\"contentUrl\":\"https:\\\/\\\/aoservicodaamamentacao.pt\\\/asa\\\/wp-content\\\/uploads\\\/2024\\\/09\\\/cropped-favicon.png\",\"width\":512,\"height\":512,\"caption\":\"ASA\"},\"image\":{\"@id\":\"https:\\\/\\\/aoservicodaamamentacao.pt\\\/asa\\\/#\\\/schema\\\/logo\\\/image\\\/\"},\"sameAs\":[\"https:\\\/\\\/www.instagram.com\\\/asa.amamentacao\\\/\"]}]}<\/script>\n<!-- \/ Yoast SEO plugin. -->","yoast_head_json":{"title":"Fundadora - ASA","robots":{"index":"index","follow":"follow","max-snippet":"max-snippet:-1","max-image-preview":"max-image-preview:large","max-video-preview":"max-video-preview:-1"},"canonical":"https:\/\/aoservicodaamamentacao.pt\/asa\/fundadora\/","og_locale":"pt_PT","og_type":"article","og_title":"Fundadora - ASA","og_url":"https:\/\/aoservicodaamamentacao.pt\/asa\/fundadora\/","og_site_name":"ASA","article_modified_time":"2024-10-21T13:22:28+00:00","og_image":[{"width":1280,"height":1920,"url":"https:\/\/aoservicodaamamentacao.pt\/asa\/wp-content\/uploads\/2024\/08\/Encontrodemaes-64.jpg","type":"image\/jpeg"}],"twitter_card":"summary_large_image","twitter_misc":{"Tempo estimado de leitura":"2 minutos"},"schema":{"@context":"https:\/\/schema.org","@graph":[{"@type":"WebPage","@id":"https:\/\/aoservicodaamamentacao.pt\/asa\/fundadora\/","url":"https:\/\/aoservicodaamamentacao.pt\/asa\/fundadora\/","name":"Fundadora - ASA","isPartOf":{"@id":"https:\/\/aoservicodaamamentacao.pt\/asa\/#website"},"primaryImageOfPage":{"@id":"https:\/\/aoservicodaamamentacao.pt\/asa\/fundadora\/#primaryimage"},"image":{"@id":"https:\/\/aoservicodaamamentacao.pt\/asa\/fundadora\/#primaryimage"},"thumbnailUrl":"https:\/\/aoservicodaamamentacao.pt\/asa\/wp-content\/uploads\/2024\/08\/Encontrodemaes-64-683x1024.jpg","datePublished":"2024-05-21T22:50:14+00:00","dateModified":"2024-10-21T13:22:28+00:00","breadcrumb":{"@id":"https:\/\/aoservicodaamamentacao.pt\/asa\/fundadora\/#breadcrumb"},"inLanguage":"pt-PT","potentialAction":[{"@type":"ReadAction","target":["https:\/\/aoservicodaamamentacao.pt\/asa\/fundadora\/"]}]},{"@type":"ImageObject","inLanguage":"pt-PT","@id":"https:\/\/aoservicodaamamentacao.pt\/asa\/fundadora\/#primaryimage","url":"https:\/\/aoservicodaamamentacao.pt\/asa\/wp-content\/uploads\/2024\/08\/Encontrodemaes-64.jpg","contentUrl":"https:\/\/aoservicodaamamentacao.pt\/asa\/wp-content\/uploads\/2024\/08\/Encontrodemaes-64.jpg","width":1280,"height":1920},{"@type":"BreadcrumbList","@id":"https:\/\/aoservicodaamamentacao.pt\/asa\/fundadora\/#breadcrumb","itemListElement":[{"@type":"ListItem","position":1,"name":"In\u00edcio","item":"https:\/\/aoservicodaamamentacao.pt\/asa\/"},{"@type":"ListItem","position":2,"name":"Fundadora"}]},{"@type":"WebSite","@id":"https:\/\/aoservicodaamamentacao.pt\/asa\/#website","url":"https:\/\/aoservicodaamamentacao.pt\/asa\/","name":"ASA","description":"Associa\u00e7\u00e3o Movimento Amamentar em Portugal","publisher":{"@id":"https:\/\/aoservicodaamamentacao.pt\/asa\/#organization"},"potentialAction":[{"@type":"SearchAction","target":{"@type":"EntryPoint","urlTemplate":"https:\/\/aoservicodaamamentacao.pt\/asa\/?s={search_term_string}"},"query-input":{"@type":"PropertyValueSpecification","valueRequired":true,"valueName":"search_term_string"}}],"inLanguage":"pt-PT"},{"@type":"Organization","@id":"https:\/\/aoservicodaamamentacao.pt\/asa\/#organization","name":"ASA","url":"https:\/\/aoservicodaamamentacao.pt\/asa\/","logo":{"@type":"ImageObject","inLanguage":"pt-PT","@id":"https:\/\/aoservicodaamamentacao.pt\/asa\/#\/schema\/logo\/image\/","url":"https:\/\/aoservicodaamamentacao.pt\/asa\/wp-content\/uploads\/2024\/09\/cropped-favicon.png","contentUrl":"https:\/\/aoservicodaamamentacao.pt\/asa\/wp-content\/uploads\/2024\/09\/cropped-favicon.png","width":512,"height":512,"caption":"ASA"},"image":{"@id":"https:\/\/aoservicodaamamentacao.pt\/asa\/#\/schema\/logo\/image\/"},"sameAs":["https:\/\/www.instagram.com\/asa.amamentacao\/"]}]}},"uagb_featured_image_src":{"full":false,"thumbnail":false,"medium":false,"medium_large":false,"large":false,"1536x1536":false,"2048x2048":false,"vp_sm":false,"vp_md":false,"vp_lg":false,"vp_xl":false,"vp_sm_popup":false,"vp_md_popup":false,"vp_xl_popup":false,"neve-blog":false},"uagb_author_info":{"display_name":"anamneseasa","author_link":"https:\/\/aoservicodaamamentacao.pt\/asa\/author\/anamneseasa\/"},"uagb_comment_info":0,"uagb_excerpt":null,"_links":{"self":[{"href":"https:\/\/aoservicodaamamentacao.pt\/asa\/wp-json\/wp\/v2\/pages\/8","targetHints":{"allow":["GET"]}}],"collection":[{"href":"https:\/\/aoservicodaamamentacao.pt\/asa\/wp-json\/wp\/v2\/pages"}],"about":[{"href":"https:\/\/aoservicodaamamentacao.pt\/asa\/wp-json\/wp\/v2\/types\/page"}],"author":[{"embeddable":true,"href":"https:\/\/aoservicodaamamentacao.pt\/asa\/wp-json\/wp\/v2\/users\/1"}],"replies":[{"embeddable":true,"href":"https:\/\/aoservicodaamamentacao.pt\/asa\/wp-json\/wp\/v2\/comments?post=8"}],"version-history":[{"count":38,"href":"https:\/\/aoservicodaamamentacao.pt\/asa\/wp-json\/wp\/v2\/pages\/8\/revisions"}],"predecessor-version":[{"id":1781,"href":"https:\/\/aoservicodaamamentacao.pt\/asa\/wp-json\/wp\/v2\/pages\/8\/revisions\/1781"}],"wp:attachment":[{"href":"https:\/\/aoservicodaamamentacao.pt\/asa\/wp-json\/wp\/v2\/media?parent=8"}],"curies":[{"name":"wp","href":"https:\/\/api.w.org\/{rel}","templated":true}]}}