{"id":723,"date":"2024-08-06T09:52:06","date_gmt":"2024-08-06T09:52:06","guid":{"rendered":"https:\/\/aoservicodaamamentacao.pt\/asa\/?page_id=723"},"modified":"2025-12-24T10:02:54","modified_gmt":"2025-12-24T10:02:54","slug":"workshops","status":"publish","type":"page","link":"https:\/\/aoservicodaamamentacao.pt\/asa\/workshops\/","title":{"rendered":"Workshops"},"content":{"rendered":"\n<figure class=\"wp-block-image alignfull size-large wp-duotone-unset-1\"><img decoding=\"async\" src=\"https:\/\/aoservicodaamamentacao.pt\/asa\/wp-content\/uploads\/2024\/06\/asa-amap_barra.jpg\" alt=\"\" class=\"wp-image-308\"\/><\/figure>\n\n\n\n<div style=\"height:20px\" aria-hidden=\"true\" class=\"wp-block-spacer\"><\/div>\n\n\n\n<h2 class=\"wp-block-heading has-text-align-center\">Workshops<\/h2>\n\n\n\n<p><strong>Aqui podes reservar o teu lugar nos workshops do pr\u00f3ximo ASA<\/strong>. Pedimos que no dia, caso tenha possibilidade, considere trazer um bem alimentar n\u00e3o perec\u00edvel ou artigos de beb\u00e9 como fraldas para que possamos doar \u00e0 comunidade que nos recebe. Estamos dispon\u00edveis para quaisquer d\u00favidas que surjam.<br> <sub><sup>(NOTA: As inscri\u00e7\u00f5es apenas abrem uns dias antes de cada evento.)<\/sup><\/sub><\/p>\n\n\n\n<p style=\"border: 1px solid #d8b5b1;\"><iframe loading=\"lazy\" style=\"padding-bottom: 20px; min-inline-size: 100%;\" src=\"https:\/\/pt.zappysoftware.com\/m\/aoservicodaamamentacao?items=922006&amp;goback=1&amp;lang=pt-PT&amp;t=20240504#items\" width=\"100%\" height=\"300\" frameborder=\"0\" marginwidth=\"0\" marginheight=\"0\"><img decoding=\"async\" src=\"https:\/\/aoservicodaamamentacao.pt\/asa\/wp-content\/uploads\/2024\/08\/loading.gif\">A carregar\u2026<\/iframe><\/p>\n\n\n\n<div class=\"wp-block-buttons is-layout-flex wp-block-buttons-is-layout-flex\">\n<div class=\"wp-block-button is-style-primary\"><a class=\"wp-block-button__link wp-element-button\" href=\"https:\/\/aoservicodaamamentacao.pt\/asa\/contactos\/\">CONTACTE-NOS<\/a><\/div>\n<\/div>\n\n\n\n<div style=\"height:80px\" aria-hidden=\"true\" class=\"wp-block-spacer\"><\/div>\n","protected":false},"excerpt":{"rendered":"<p>Workshops Aqui podes reservar o teu lugar nos workshops do pr\u00f3ximo ASA. Pedimos que no dia, caso tenha possibilidade, considere trazer um bem alimentar n\u00e3o perec\u00edvel ou artigos de beb\u00e9 como fraldas para que possamos doar \u00e0 comunidade que nos recebe. Estamos dispon\u00edveis para quaisquer d\u00favidas que surjam. (NOTA: As inscri\u00e7\u00f5es apenas abrem uns dias&hellip;&nbsp;<a href=\"https:\/\/aoservicodaamamentacao.pt\/asa\/workshops\/\" rel=\"bookmark\">Ler mais &raquo;<span class=\"screen-reader-text\">Workshops<\/span><\/a><\/p>\n","protected":false},"author":1,"featured_media":0,"parent":0,"menu_order":0,"comment_status":"closed","ping_status":"closed","template":"","meta":{"_uag_custom_page_level_css":"","neve_meta_sidebar":"","neve_meta_container":"contained","neve_meta_enable_content_width":"off","neve_meta_content_width":70,"neve_meta_title_alignment":"center","neve_meta_author_avatar":"","neve_post_elements_order":"","neve_meta_disable_header":"","neve_meta_disable_footer":"","neve_meta_disable_title":"on","_themeisle_gutenberg_block_has_review":false,"_vp_format_video_url":"","_vp_image_focal_point":[],"footnotes":""},"class_list":["post-723","page","type-page","status-publish","hentry"],"yoast_head":"<!-- This site is optimized with the Yoast SEO plugin v27.5 - https:\/\/yoast.com\/product\/yoast-seo-wordpress\/ -->\n<title>Workshops - ASA<\/title>\n<meta name=\"robots\" content=\"index, follow, max-snippet:-1, max-image-preview:large, max-video-preview:-1\" \/>\n<link rel=\"canonical\" href=\"https:\/\/aoservicodaamamentacao.pt\/asa\/workshops\/\" \/>\n<meta property=\"og:locale\" content=\"pt_PT\" \/>\n<meta property=\"og:type\" content=\"article\" \/>\n<meta property=\"og:title\" content=\"Workshops - ASA\" \/>\n<meta property=\"og:description\" content=\"Workshops Aqui podes reservar o teu lugar nos workshops do pr\u00f3ximo ASA. Pedimos que no dia, caso tenha possibilidade, considere trazer um bem alimentar n\u00e3o perec\u00edvel ou artigos de beb\u00e9 como fraldas para que possamos doar \u00e0 comunidade que nos recebe. Estamos dispon\u00edveis para quaisquer d\u00favidas que surjam. (NOTA: As inscri\u00e7\u00f5es apenas abrem uns dias&hellip;&nbsp;Ler mais &raquo;Workshops\" \/>\n<meta property=\"og:url\" content=\"https:\/\/aoservicodaamamentacao.pt\/asa\/workshops\/\" \/>\n<meta property=\"og:site_name\" content=\"ASA\" \/>\n<meta property=\"article:modified_time\" content=\"2025-12-24T10:02:54+00:00\" \/>\n<meta name=\"twitter:card\" content=\"summary_large_image\" \/>\n<meta name=\"twitter:label1\" content=\"Tempo estimado de leitura\" \/>\n\t<meta name=\"twitter:data1\" content=\"1 minuto\" \/>\n<script type=\"application\/ld+json\" class=\"yoast-schema-graph\">{\"@context\":\"https:\\\/\\\/schema.org\",\"@graph\":[{\"@type\":\"WebPage\",\"@id\":\"https:\\\/\\\/aoservicodaamamentacao.pt\\\/asa\\\/workshops\\\/\",\"url\":\"https:\\\/\\\/aoservicodaamamentacao.pt\\\/asa\\\/workshops\\\/\",\"name\":\"Workshops - ASA\",\"isPartOf\":{\"@id\":\"https:\\\/\\\/aoservicodaamamentacao.pt\\\/asa\\\/#website\"},\"primaryImageOfPage\":{\"@id\":\"https:\\\/\\\/aoservicodaamamentacao.pt\\\/asa\\\/workshops\\\/#primaryimage\"},\"image\":{\"@id\":\"https:\\\/\\\/aoservicodaamamentacao.pt\\\/asa\\\/workshops\\\/#primaryimage\"},\"thumbnailUrl\":\"https:\\\/\\\/aoservicodaamamentacao.pt\\\/asa\\\/wp-content\\\/uploads\\\/2024\\\/06\\\/asa-amap_barra.jpg\",\"datePublished\":\"2024-08-06T09:52:06+00:00\",\"dateModified\":\"2025-12-24T10:02:54+00:00\",\"breadcrumb\":{\"@id\":\"https:\\\/\\\/aoservicodaamamentacao.pt\\\/asa\\\/workshops\\\/#breadcrumb\"},\"inLanguage\":\"pt-PT\",\"potentialAction\":[{\"@type\":\"ReadAction\",\"target\":[\"https:\\\/\\\/aoservicodaamamentacao.pt\\\/asa\\\/workshops\\\/\"]}]},{\"@type\":\"ImageObject\",\"inLanguage\":\"pt-PT\",\"@id\":\"https:\\\/\\\/aoservicodaamamentacao.pt\\\/asa\\\/workshops\\\/#primaryimage\",\"url\":\"\",\"contentUrl\":\"\"},{\"@type\":\"BreadcrumbList\",\"@id\":\"https:\\\/\\\/aoservicodaamamentacao.pt\\\/asa\\\/workshops\\\/#breadcrumb\",\"itemListElement\":[{\"@type\":\"ListItem\",\"position\":1,\"name\":\"In\u00edcio\",\"item\":\"https:\\\/\\\/aoservicodaamamentacao.pt\\\/asa\\\/\"},{\"@type\":\"ListItem\",\"position\":2,\"name\":\"Workshops\"}]},{\"@type\":\"WebSite\",\"@id\":\"https:\\\/\\\/aoservicodaamamentacao.pt\\\/asa\\\/#website\",\"url\":\"https:\\\/\\\/aoservicodaamamentacao.pt\\\/asa\\\/\",\"name\":\"ASA\",\"description\":\"Associa\u00e7\u00e3o Movimento Amamentar em Portugal\",\"publisher\":{\"@id\":\"https:\\\/\\\/aoservicodaamamentacao.pt\\\/asa\\\/#organization\"},\"potentialAction\":[{\"@type\":\"SearchAction\",\"target\":{\"@type\":\"EntryPoint\",\"urlTemplate\":\"https:\\\/\\\/aoservicodaamamentacao.pt\\\/asa\\\/?s={search_term_string}\"},\"query-input\":{\"@type\":\"PropertyValueSpecification\",\"valueRequired\":true,\"valueName\":\"search_term_string\"}}],\"inLanguage\":\"pt-PT\"},{\"@type\":\"Organization\",\"@id\":\"https:\\\/\\\/aoservicodaamamentacao.pt\\\/asa\\\/#organization\",\"name\":\"ASA\",\"url\":\"https:\\\/\\\/aoservicodaamamentacao.pt\\\/asa\\\/\",\"logo\":{\"@type\":\"ImageObject\",\"inLanguage\":\"pt-PT\",\"@id\":\"https:\\\/\\\/aoservicodaamamentacao.pt\\\/asa\\\/#\\\/schema\\\/logo\\\/image\\\/\",\"url\":\"https:\\\/\\\/aoservicodaamamentacao.pt\\\/asa\\\/wp-content\\\/uploads\\\/2024\\\/09\\\/cropped-favicon.png\",\"contentUrl\":\"https:\\\/\\\/aoservicodaamamentacao.pt\\\/asa\\\/wp-content\\\/uploads\\\/2024\\\/09\\\/cropped-favicon.png\",\"width\":512,\"height\":512,\"caption\":\"ASA\"},\"image\":{\"@id\":\"https:\\\/\\\/aoservicodaamamentacao.pt\\\/asa\\\/#\\\/schema\\\/logo\\\/image\\\/\"},\"sameAs\":[\"https:\\\/\\\/www.instagram.com\\\/asa.amamentacao\\\/\"]}]}<\/script>\n<!-- \/ Yoast SEO plugin. -->","yoast_head_json":{"title":"Workshops - ASA","robots":{"index":"index","follow":"follow","max-snippet":"max-snippet:-1","max-image-preview":"max-image-preview:large","max-video-preview":"max-video-preview:-1"},"canonical":"https:\/\/aoservicodaamamentacao.pt\/asa\/workshops\/","og_locale":"pt_PT","og_type":"article","og_title":"Workshops - ASA","og_description":"Workshops Aqui podes reservar o teu lugar nos workshops do pr\u00f3ximo ASA. Pedimos que no dia, caso tenha possibilidade, considere trazer um bem alimentar n\u00e3o perec\u00edvel ou artigos de beb\u00e9 como fraldas para que possamos doar \u00e0 comunidade que nos recebe. Estamos dispon\u00edveis para quaisquer d\u00favidas que surjam. (NOTA: As inscri\u00e7\u00f5es apenas abrem uns dias&hellip;&nbsp;Ler mais &raquo;Workshops","og_url":"https:\/\/aoservicodaamamentacao.pt\/asa\/workshops\/","og_site_name":"ASA","article_modified_time":"2025-12-24T10:02:54+00:00","twitter_card":"summary_large_image","twitter_misc":{"Tempo estimado de leitura":"1 minuto"},"schema":{"@context":"https:\/\/schema.org","@graph":[{"@type":"WebPage","@id":"https:\/\/aoservicodaamamentacao.pt\/asa\/workshops\/","url":"https:\/\/aoservicodaamamentacao.pt\/asa\/workshops\/","name":"Workshops - ASA","isPartOf":{"@id":"https:\/\/aoservicodaamamentacao.pt\/asa\/#website"},"primaryImageOfPage":{"@id":"https:\/\/aoservicodaamamentacao.pt\/asa\/workshops\/#primaryimage"},"image":{"@id":"https:\/\/aoservicodaamamentacao.pt\/asa\/workshops\/#primaryimage"},"thumbnailUrl":"https:\/\/aoservicodaamamentacao.pt\/asa\/wp-content\/uploads\/2024\/06\/asa-amap_barra.jpg","datePublished":"2024-08-06T09:52:06+00:00","dateModified":"2025-12-24T10:02:54+00:00","breadcrumb":{"@id":"https:\/\/aoservicodaamamentacao.pt\/asa\/workshops\/#breadcrumb"},"inLanguage":"pt-PT","potentialAction":[{"@type":"ReadAction","target":["https:\/\/aoservicodaamamentacao.pt\/asa\/workshops\/"]}]},{"@type":"ImageObject","inLanguage":"pt-PT","@id":"https:\/\/aoservicodaamamentacao.pt\/asa\/workshops\/#primaryimage","url":"","contentUrl":""},{"@type":"BreadcrumbList","@id":"https:\/\/aoservicodaamamentacao.pt\/asa\/workshops\/#breadcrumb","itemListElement":[{"@type":"ListItem","position":1,"name":"In\u00edcio","item":"https:\/\/aoservicodaamamentacao.pt\/asa\/"},{"@type":"ListItem","position":2,"name":"Workshops"}]},{"@type":"WebSite","@id":"https:\/\/aoservicodaamamentacao.pt\/asa\/#website","url":"https:\/\/aoservicodaamamentacao.pt\/asa\/","name":"ASA","description":"Associa\u00e7\u00e3o Movimento Amamentar em Portugal","publisher":{"@id":"https:\/\/aoservicodaamamentacao.pt\/asa\/#organization"},"potentialAction":[{"@type":"SearchAction","target":{"@type":"EntryPoint","urlTemplate":"https:\/\/aoservicodaamamentacao.pt\/asa\/?s={search_term_string}"},"query-input":{"@type":"PropertyValueSpecification","valueRequired":true,"valueName":"search_term_string"}}],"inLanguage":"pt-PT"},{"@type":"Organization","@id":"https:\/\/aoservicodaamamentacao.pt\/asa\/#organization","name":"ASA","url":"https:\/\/aoservicodaamamentacao.pt\/asa\/","logo":{"@type":"ImageObject","inLanguage":"pt-PT","@id":"https:\/\/aoservicodaamamentacao.pt\/asa\/#\/schema\/logo\/image\/","url":"https:\/\/aoservicodaamamentacao.pt\/asa\/wp-content\/uploads\/2024\/09\/cropped-favicon.png","contentUrl":"https:\/\/aoservicodaamamentacao.pt\/asa\/wp-content\/uploads\/2024\/09\/cropped-favicon.png","width":512,"height":512,"caption":"ASA"},"image":{"@id":"https:\/\/aoservicodaamamentacao.pt\/asa\/#\/schema\/logo\/image\/"},"sameAs":["https:\/\/www.instagram.com\/asa.amamentacao\/"]}]}},"uagb_featured_image_src":{"full":false,"thumbnail":false,"medium":false,"medium_large":false,"large":false,"1536x1536":false,"2048x2048":false,"vp_sm":false,"vp_md":false,"vp_lg":false,"vp_xl":false,"vp_sm_popup":false,"vp_md_popup":false,"vp_xl_popup":false,"neve-blog":false},"uagb_author_info":{"display_name":"anamneseasa","author_link":"https:\/\/aoservicodaamamentacao.pt\/asa\/author\/anamneseasa\/"},"uagb_comment_info":0,"uagb_excerpt":"Workshops Aqui podes reservar o teu lugar nos workshops do pr\u00f3ximo ASA. Pedimos que no dia, caso tenha possibilidade, considere trazer um bem alimentar n\u00e3o perec\u00edvel ou artigos de beb\u00e9 como fraldas para que possamos doar \u00e0 comunidade que nos recebe. Estamos dispon\u00edveis para quaisquer d\u00favidas que surjam. (NOTA: As inscri\u00e7\u00f5es apenas abrem uns dias&hellip;&nbsp;Ler&hellip;","_links":{"self":[{"href":"https:\/\/aoservicodaamamentacao.pt\/asa\/wp-json\/wp\/v2\/pages\/723","targetHints":{"allow":["GET"]}}],"collection":[{"href":"https:\/\/aoservicodaamamentacao.pt\/asa\/wp-json\/wp\/v2\/pages"}],"about":[{"href":"https:\/\/aoservicodaamamentacao.pt\/asa\/wp-json\/wp\/v2\/types\/page"}],"author":[{"embeddable":true,"href":"https:\/\/aoservicodaamamentacao.pt\/asa\/wp-json\/wp\/v2\/users\/1"}],"replies":[{"embeddable":true,"href":"https:\/\/aoservicodaamamentacao.pt\/asa\/wp-json\/wp\/v2\/comments?post=723"}],"version-history":[{"count":36,"href":"https:\/\/aoservicodaamamentacao.pt\/asa\/wp-json\/wp\/v2\/pages\/723\/revisions"}],"predecessor-version":[{"id":4007,"href":"https:\/\/aoservicodaamamentacao.pt\/asa\/wp-json\/wp\/v2\/pages\/723\/revisions\/4007"}],"wp:attachment":[{"href":"https:\/\/aoservicodaamamentacao.pt\/asa\/wp-json\/wp\/v2\/media?parent=723"}],"curies":[{"name":"wp","href":"https:\/\/api.w.org\/{rel}","templated":true}]}}