{"id":713,"date":"2024-08-06T05:13:54","date_gmt":"2024-08-06T05:13:54","guid":{"rendered":"https:\/\/aoservicodaamamentacao.pt\/asa\/?page_id=713"},"modified":"2025-10-30T15:47:58","modified_gmt":"2025-10-30T15:47:58","slug":"apoiar","status":"publish","type":"page","link":"https:\/\/aoservicodaamamentacao.pt\/asa\/apoiar\/","title":{"rendered":"Apoiar o ASA"},"content":{"rendered":"\n<div style=\"height:40px\" aria-hidden=\"true\" class=\"wp-block-spacer\"><\/div>\n\n\n\n<h2 class=\"wp-block-heading has-text-align-center\">Apoiar o ASA<strong> &#8211; Ao Servi\u00e7o da Amamenta\u00e7\u00e3o<\/strong><\/h2>\n\n\n\n<div style=\"height:20px\" aria-hidden=\"true\" class=\"wp-block-spacer\"><\/div>\n\n\n\n<div class=\"wp-block-media-text has-media-on-the-right is-stacked-on-mobile has-nv-site-bg-background-color has-background\"><div class=\"wp-block-media-text__content\">\n<div style=\"height:40px\" aria-hidden=\"true\" class=\"wp-block-spacer\"><\/div>\n\n\n\n<h4 class=\"wp-block-heading\">Sabemos que nem todos podem chegar a este tipo de apoio mas achamos que todos merecem.<\/h4>\n\n\n\n<p>Se quer apoiar o <strong>ASA &#8211; Ao Servi\u00e7o da Amamenta\u00e7\u00e3o<\/strong>, saiba que todos os donativos contam e que ficamos muito agradecidas por ajudar a manter este projeto vivo. <strong>Ajude-nos a chegar a mais pessoas e a garantir que este projeto continua a voar por a\u00ed!<\/strong><\/p>\n\n\n<div class=\"wp-block-image\">\n<figure class=\"aligncenter size-full\"><img loading=\"lazy\" decoding=\"async\" width=\"146\" height=\"72\" src=\"https:\/\/aoservicodaamamentacao.pt\/asa\/wp-content\/uploads\/2024\/08\/Logo_MBWay_s.png\" alt=\"\" class=\"wp-image-927\"\/><\/figure>\n<\/div>\n\n\n<div style=\"height:25px\" aria-hidden=\"true\" class=\"wp-block-spacer\"><\/div>\n\n\n\n<p class=\"has-text-align-center has-x-large-font-size\"><strong>928269350<\/strong><\/p>\n\n\n\n<p>&#8211; Quer fazer parte da incr\u00edvel equipa ASA<br>&#8211; Quer apoiar fam\u00edlias na sua jornada de amamenta\u00e7\u00e3o?<br>&#8211; Tem um local com capacidade para receber o ASA?<br>&#8211; Tem outra ideia para apoiar o ASA?<br><\/p>\n\n\n\n<div class=\"wp-block-buttons is-content-justification-center is-layout-flex wp-container-core-buttons-is-layout-16018d1d wp-block-buttons-is-layout-flex\">\n<div class=\"wp-block-button is-style-primary\"><a class=\"wp-block-button__link wp-element-button\" href=\"https:\/\/aoservicodaamamentacao.pt\/asa\/contactos\/\">CONTACTE-NOS<\/a><\/div>\n<\/div>\n\n\n\n<div style=\"height:25px\" aria-hidden=\"true\" class=\"wp-block-spacer\"><\/div>\n<\/div><figure class=\"wp-block-media-text__media\"><img loading=\"lazy\" decoding=\"async\" width=\"820\" height=\"1024\" src=\"https:\/\/aoservicodaamamentacao.pt\/asa\/wp-content\/uploads\/2024\/08\/doa_o_teu_feed_2-820x1024.jpg\" alt=\"\" class=\"wp-image-1226 size-full\" srcset=\"https:\/\/aoservicodaamamentacao.pt\/asa\/wp-content\/uploads\/2024\/08\/doa_o_teu_feed_2-820x1024.jpg 820w, https:\/\/aoservicodaamamentacao.pt\/asa\/wp-content\/uploads\/2024\/08\/doa_o_teu_feed_2-240x300.jpg 240w, https:\/\/aoservicodaamamentacao.pt\/asa\/wp-content\/uploads\/2024\/08\/doa_o_teu_feed_2-768x959.jpg 768w, https:\/\/aoservicodaamamentacao.pt\/asa\/wp-content\/uploads\/2024\/08\/doa_o_teu_feed_2-1229x1536.jpg 1229w, https:\/\/aoservicodaamamentacao.pt\/asa\/wp-content\/uploads\/2024\/08\/doa_o_teu_feed_2.jpg 1440w\" sizes=\"auto, (max-width: 820px) 100vw, 820px\" \/><\/figure><\/div>\n\n\n\n<div style=\"height:40px\" aria-hidden=\"true\" class=\"wp-block-spacer\"><\/div>\n\n\n\n<div style=\"height:40px\" aria-hidden=\"true\" class=\"wp-block-spacer\"><\/div>\n","protected":false},"excerpt":{"rendered":"<p>Apoiar o ASA &#8211; Ao Servi\u00e7o da Amamenta\u00e7\u00e3o<\/p>\n","protected":false},"author":1,"featured_media":396,"parent":0,"menu_order":0,"comment_status":"closed","ping_status":"closed","template":"","meta":{"_uag_custom_page_level_css":"","neve_meta_sidebar":"","neve_meta_container":"default","neve_meta_enable_content_width":"","neve_meta_content_width":0,"neve_meta_title_alignment":"","neve_meta_author_avatar":"","neve_post_elements_order":"","neve_meta_disable_header":"","neve_meta_disable_footer":"","neve_meta_disable_title":"on","_themeisle_gutenberg_block_has_review":false,"_vp_format_video_url":"","_vp_image_focal_point":[],"footnotes":""},"class_list":["post-713","page","type-page","status-publish","has-post-thumbnail","hentry"],"yoast_head":"<!-- This site is optimized with the Yoast SEO plugin v27.5 - https:\/\/yoast.com\/product\/yoast-seo-wordpress\/ -->\n<title>Apoiar o ASA - ASA<\/title>\n<meta name=\"robots\" content=\"index, follow, max-snippet:-1, max-image-preview:large, max-video-preview:-1\" \/>\n<link rel=\"canonical\" href=\"https:\/\/aoservicodaamamentacao.pt\/asa\/apoiar\/\" \/>\n<meta property=\"og:locale\" content=\"pt_PT\" \/>\n<meta property=\"og:type\" content=\"article\" \/>\n<meta property=\"og:title\" content=\"Apoiar o ASA - ASA\" \/>\n<meta property=\"og:description\" content=\"Apoiar o ASA &#8211; Ao Servi\u00e7o da Amamenta\u00e7\u00e3o\" \/>\n<meta property=\"og:url\" content=\"https:\/\/aoservicodaamamentacao.pt\/asa\/apoiar\/\" \/>\n<meta property=\"og:site_name\" content=\"ASA\" \/>\n<meta property=\"article:modified_time\" content=\"2025-10-30T15:47:58+00:00\" \/>\n<meta property=\"og:image\" content=\"https:\/\/aoservicodaamamentacao.pt\/asa\/wp-content\/uploads\/2024\/06\/asa-amap_barra.jpg\" \/>\n\t<meta property=\"og:image:width\" content=\"1792\" \/>\n\t<meta property=\"og:image:height\" content=\"300\" \/>\n\t<meta property=\"og:image:type\" content=\"image\/jpeg\" \/>\n<meta name=\"twitter:card\" content=\"summary_large_image\" \/>\n<meta name=\"twitter:label1\" content=\"Tempo estimado de leitura\" \/>\n\t<meta name=\"twitter:data1\" content=\"2 minutos\" \/>\n<script type=\"application\/ld+json\" class=\"yoast-schema-graph\">{\"@context\":\"https:\\\/\\\/schema.org\",\"@graph\":[{\"@type\":\"WebPage\",\"@id\":\"https:\\\/\\\/aoservicodaamamentacao.pt\\\/asa\\\/apoiar\\\/\",\"url\":\"https:\\\/\\\/aoservicodaamamentacao.pt\\\/asa\\\/apoiar\\\/\",\"name\":\"Apoiar o ASA - ASA\",\"isPartOf\":{\"@id\":\"https:\\\/\\\/aoservicodaamamentacao.pt\\\/asa\\\/#website\"},\"primaryImageOfPage\":{\"@id\":\"https:\\\/\\\/aoservicodaamamentacao.pt\\\/asa\\\/apoiar\\\/#primaryimage\"},\"image\":{\"@id\":\"https:\\\/\\\/aoservicodaamamentacao.pt\\\/asa\\\/apoiar\\\/#primaryimage\"},\"thumbnailUrl\":\"https:\\\/\\\/aoservicodaamamentacao.pt\\\/asa\\\/wp-content\\\/uploads\\\/2024\\\/06\\\/asa-amap_barra.jpg\",\"datePublished\":\"2024-08-06T05:13:54+00:00\",\"dateModified\":\"2025-10-30T15:47:58+00:00\",\"breadcrumb\":{\"@id\":\"https:\\\/\\\/aoservicodaamamentacao.pt\\\/asa\\\/apoiar\\\/#breadcrumb\"},\"inLanguage\":\"pt-PT\",\"potentialAction\":[{\"@type\":\"ReadAction\",\"target\":[\"https:\\\/\\\/aoservicodaamamentacao.pt\\\/asa\\\/apoiar\\\/\"]}]},{\"@type\":\"ImageObject\",\"inLanguage\":\"pt-PT\",\"@id\":\"https:\\\/\\\/aoservicodaamamentacao.pt\\\/asa\\\/apoiar\\\/#primaryimage\",\"url\":\"https:\\\/\\\/aoservicodaamamentacao.pt\\\/asa\\\/wp-content\\\/uploads\\\/2024\\\/06\\\/asa-amap_barra.jpg\",\"contentUrl\":\"https:\\\/\\\/aoservicodaamamentacao.pt\\\/asa\\\/wp-content\\\/uploads\\\/2024\\\/06\\\/asa-amap_barra.jpg\",\"width\":1792,\"height\":300},{\"@type\":\"BreadcrumbList\",\"@id\":\"https:\\\/\\\/aoservicodaamamentacao.pt\\\/asa\\\/apoiar\\\/#breadcrumb\",\"itemListElement\":[{\"@type\":\"ListItem\",\"position\":1,\"name\":\"In\u00edcio\",\"item\":\"https:\\\/\\\/aoservicodaamamentacao.pt\\\/asa\\\/\"},{\"@type\":\"ListItem\",\"position\":2,\"name\":\"Apoiar o ASA\"}]},{\"@type\":\"WebSite\",\"@id\":\"https:\\\/\\\/aoservicodaamamentacao.pt\\\/asa\\\/#website\",\"url\":\"https:\\\/\\\/aoservicodaamamentacao.pt\\\/asa\\\/\",\"name\":\"ASA\",\"description\":\"Associa\u00e7\u00e3o Movimento Amamentar em Portugal\",\"publisher\":{\"@id\":\"https:\\\/\\\/aoservicodaamamentacao.pt\\\/asa\\\/#organization\"},\"potentialAction\":[{\"@type\":\"SearchAction\",\"target\":{\"@type\":\"EntryPoint\",\"urlTemplate\":\"https:\\\/\\\/aoservicodaamamentacao.pt\\\/asa\\\/?s={search_term_string}\"},\"query-input\":{\"@type\":\"PropertyValueSpecification\",\"valueRequired\":true,\"valueName\":\"search_term_string\"}}],\"inLanguage\":\"pt-PT\"},{\"@type\":\"Organization\",\"@id\":\"https:\\\/\\\/aoservicodaamamentacao.pt\\\/asa\\\/#organization\",\"name\":\"ASA\",\"url\":\"https:\\\/\\\/aoservicodaamamentacao.pt\\\/asa\\\/\",\"logo\":{\"@type\":\"ImageObject\",\"inLanguage\":\"pt-PT\",\"@id\":\"https:\\\/\\\/aoservicodaamamentacao.pt\\\/asa\\\/#\\\/schema\\\/logo\\\/image\\\/\",\"url\":\"https:\\\/\\\/aoservicodaamamentacao.pt\\\/asa\\\/wp-content\\\/uploads\\\/2024\\\/09\\\/cropped-favicon.png\",\"contentUrl\":\"https:\\\/\\\/aoservicodaamamentacao.pt\\\/asa\\\/wp-content\\\/uploads\\\/2024\\\/09\\\/cropped-favicon.png\",\"width\":512,\"height\":512,\"caption\":\"ASA\"},\"image\":{\"@id\":\"https:\\\/\\\/aoservicodaamamentacao.pt\\\/asa\\\/#\\\/schema\\\/logo\\\/image\\\/\"},\"sameAs\":[\"https:\\\/\\\/www.instagram.com\\\/asa.amamentacao\\\/\"]}]}<\/script>\n<!-- \/ Yoast SEO plugin. -->","yoast_head_json":{"title":"Apoiar o ASA - ASA","robots":{"index":"index","follow":"follow","max-snippet":"max-snippet:-1","max-image-preview":"max-image-preview:large","max-video-preview":"max-video-preview:-1"},"canonical":"https:\/\/aoservicodaamamentacao.pt\/asa\/apoiar\/","og_locale":"pt_PT","og_type":"article","og_title":"Apoiar o ASA - ASA","og_description":"Apoiar o ASA &#8211; Ao Servi\u00e7o da Amamenta\u00e7\u00e3o","og_url":"https:\/\/aoservicodaamamentacao.pt\/asa\/apoiar\/","og_site_name":"ASA","article_modified_time":"2025-10-30T15:47:58+00:00","og_image":[{"width":1792,"height":300,"url":"https:\/\/aoservicodaamamentacao.pt\/asa\/wp-content\/uploads\/2024\/06\/asa-amap_barra.jpg","type":"image\/jpeg"}],"twitter_card":"summary_large_image","twitter_misc":{"Tempo estimado de leitura":"2 minutos"},"schema":{"@context":"https:\/\/schema.org","@graph":[{"@type":"WebPage","@id":"https:\/\/aoservicodaamamentacao.pt\/asa\/apoiar\/","url":"https:\/\/aoservicodaamamentacao.pt\/asa\/apoiar\/","name":"Apoiar o ASA - ASA","isPartOf":{"@id":"https:\/\/aoservicodaamamentacao.pt\/asa\/#website"},"primaryImageOfPage":{"@id":"https:\/\/aoservicodaamamentacao.pt\/asa\/apoiar\/#primaryimage"},"image":{"@id":"https:\/\/aoservicodaamamentacao.pt\/asa\/apoiar\/#primaryimage"},"thumbnailUrl":"https:\/\/aoservicodaamamentacao.pt\/asa\/wp-content\/uploads\/2024\/06\/asa-amap_barra.jpg","datePublished":"2024-08-06T05:13:54+00:00","dateModified":"2025-10-30T15:47:58+00:00","breadcrumb":{"@id":"https:\/\/aoservicodaamamentacao.pt\/asa\/apoiar\/#breadcrumb"},"inLanguage":"pt-PT","potentialAction":[{"@type":"ReadAction","target":["https:\/\/aoservicodaamamentacao.pt\/asa\/apoiar\/"]}]},{"@type":"ImageObject","inLanguage":"pt-PT","@id":"https:\/\/aoservicodaamamentacao.pt\/asa\/apoiar\/#primaryimage","url":"https:\/\/aoservicodaamamentacao.pt\/asa\/wp-content\/uploads\/2024\/06\/asa-amap_barra.jpg","contentUrl":"https:\/\/aoservicodaamamentacao.pt\/asa\/wp-content\/uploads\/2024\/06\/asa-amap_barra.jpg","width":1792,"height":300},{"@type":"BreadcrumbList","@id":"https:\/\/aoservicodaamamentacao.pt\/asa\/apoiar\/#breadcrumb","itemListElement":[{"@type":"ListItem","position":1,"name":"In\u00edcio","item":"https:\/\/aoservicodaamamentacao.pt\/asa\/"},{"@type":"ListItem","position":2,"name":"Apoiar o ASA"}]},{"@type":"WebSite","@id":"https:\/\/aoservicodaamamentacao.pt\/asa\/#website","url":"https:\/\/aoservicodaamamentacao.pt\/asa\/","name":"ASA","description":"Associa\u00e7\u00e3o Movimento Amamentar em Portugal","publisher":{"@id":"https:\/\/aoservicodaamamentacao.pt\/asa\/#organization"},"potentialAction":[{"@type":"SearchAction","target":{"@type":"EntryPoint","urlTemplate":"https:\/\/aoservicodaamamentacao.pt\/asa\/?s={search_term_string}"},"query-input":{"@type":"PropertyValueSpecification","valueRequired":true,"valueName":"search_term_string"}}],"inLanguage":"pt-PT"},{"@type":"Organization","@id":"https:\/\/aoservicodaamamentacao.pt\/asa\/#organization","name":"ASA","url":"https:\/\/aoservicodaamamentacao.pt\/asa\/","logo":{"@type":"ImageObject","inLanguage":"pt-PT","@id":"https:\/\/aoservicodaamamentacao.pt\/asa\/#\/schema\/logo\/image\/","url":"https:\/\/aoservicodaamamentacao.pt\/asa\/wp-content\/uploads\/2024\/09\/cropped-favicon.png","contentUrl":"https:\/\/aoservicodaamamentacao.pt\/asa\/wp-content\/uploads\/2024\/09\/cropped-favicon.png","width":512,"height":512,"caption":"ASA"},"image":{"@id":"https:\/\/aoservicodaamamentacao.pt\/asa\/#\/schema\/logo\/image\/"},"sameAs":["https:\/\/www.instagram.com\/asa.amamentacao\/"]}]}},"uagb_featured_image_src":{"full":["https:\/\/aoservicodaamamentacao.pt\/asa\/wp-content\/uploads\/2024\/06\/asa-amap_barra.jpg",1792,300,false],"thumbnail":["https:\/\/aoservicodaamamentacao.pt\/asa\/wp-content\/uploads\/2024\/06\/asa-amap_barra-150x150.jpg",150,150,true],"medium":["https:\/\/aoservicodaamamentacao.pt\/asa\/wp-content\/uploads\/2024\/06\/asa-amap_barra-300x50.jpg",300,50,true],"medium_large":["https:\/\/aoservicodaamamentacao.pt\/asa\/wp-content\/uploads\/2024\/06\/asa-amap_barra-768x129.jpg",768,129,true],"large":["https:\/\/aoservicodaamamentacao.pt\/asa\/wp-content\/uploads\/2024\/06\/asa-amap_barra-1024x171.jpg",1024,171,true],"1536x1536":["https:\/\/aoservicodaamamentacao.pt\/asa\/wp-content\/uploads\/2024\/06\/asa-amap_barra-1536x257.jpg",1536,257,true],"2048x2048":["https:\/\/aoservicodaamamentacao.pt\/asa\/wp-content\/uploads\/2024\/06\/asa-amap_barra.jpg",1792,300,false],"vp_sm":["https:\/\/aoservicodaamamentacao.pt\/asa\/wp-content\/uploads\/2024\/06\/asa-amap_barra.jpg",500,84,false],"vp_md":["https:\/\/aoservicodaamamentacao.pt\/asa\/wp-content\/uploads\/2024\/06\/asa-amap_barra.jpg",800,134,false],"vp_lg":["https:\/\/aoservicodaamamentacao.pt\/asa\/wp-content\/uploads\/2024\/06\/asa-amap_barra.jpg",1280,214,false],"vp_xl":["https:\/\/aoservicodaamamentacao.pt\/asa\/wp-content\/uploads\/2024\/06\/asa-amap_barra.jpg",1792,300,false],"vp_sm_popup":["https:\/\/aoservicodaamamentacao.pt\/asa\/wp-content\/uploads\/2024\/06\/asa-amap_barra.jpg",500,84,false],"vp_md_popup":["https:\/\/aoservicodaamamentacao.pt\/asa\/wp-content\/uploads\/2024\/06\/asa-amap_barra.jpg",800,134,false],"vp_xl_popup":["https:\/\/aoservicodaamamentacao.pt\/asa\/wp-content\/uploads\/2024\/06\/asa-amap_barra.jpg",1792,300,false],"neve-blog":["https:\/\/aoservicodaamamentacao.pt\/asa\/wp-content\/uploads\/2024\/06\/asa-amap_barra-930x300.jpg",930,300,true]},"uagb_author_info":{"display_name":"anamneseasa","author_link":"https:\/\/aoservicodaamamentacao.pt\/asa\/author\/anamneseasa\/"},"uagb_comment_info":0,"uagb_excerpt":"Apoiar o ASA &#8211; Ao Servi\u00e7o da Amamenta\u00e7\u00e3o","_links":{"self":[{"href":"https:\/\/aoservicodaamamentacao.pt\/asa\/wp-json\/wp\/v2\/pages\/713","targetHints":{"allow":["GET"]}}],"collection":[{"href":"https:\/\/aoservicodaamamentacao.pt\/asa\/wp-json\/wp\/v2\/pages"}],"about":[{"href":"https:\/\/aoservicodaamamentacao.pt\/asa\/wp-json\/wp\/v2\/types\/page"}],"author":[{"embeddable":true,"href":"https:\/\/aoservicodaamamentacao.pt\/asa\/wp-json\/wp\/v2\/users\/1"}],"replies":[{"embeddable":true,"href":"https:\/\/aoservicodaamamentacao.pt\/asa\/wp-json\/wp\/v2\/comments?post=713"}],"version-history":[{"count":72,"href":"https:\/\/aoservicodaamamentacao.pt\/asa\/wp-json\/wp\/v2\/pages\/713\/revisions"}],"predecessor-version":[{"id":3585,"href":"https:\/\/aoservicodaamamentacao.pt\/asa\/wp-json\/wp\/v2\/pages\/713\/revisions\/3585"}],"wp:featuredmedia":[{"embeddable":true,"href":"https:\/\/aoservicodaamamentacao.pt\/asa\/wp-json\/wp\/v2\/media\/396"}],"wp:attachment":[{"href":"https:\/\/aoservicodaamamentacao.pt\/asa\/wp-json\/wp\/v2\/media?parent=713"}],"curies":[{"name":"wp","href":"https:\/\/api.w.org\/{rel}","templated":true}]}}